{"id":1016,"date":"2017-11-02T17:14:31","date_gmt":"2017-11-02T15:14:31","guid":{"rendered":"https:\/\/diakszemmel.hu\/?page_id=1016"},"modified":"2017-11-02T17:14:31","modified_gmt":"2017-11-02T15:14:31","slug":"videos-palyazat-jogi-nyilatkozat","status":"publish","type":"page","link":"https:\/\/diakszemmel.hu\/index.php\/videos-palyazat-jogi-nyilatkozat\/","title":{"rendered":"Vide\u00f3s p\u00e1ly\u00e1zat jogi nyilatkozat"},"content":{"rendered":"\n<!-- Facebook Like Button v1.9.6 BEGIN [http:\/\/blog.bottomlessinc.com] -->\n<iframe src=\"http:\/\/www.facebook.com\/plugins\/like.php?href=https%3A%2F%2Fdiakszemmel.hu%2Findex.php%2Fvideos-palyazat-jogi-nyilatkozat%2F&amp;layout=standard&amp;show_faces=false&amp;width=450&amp;action=like&amp;colorscheme=light\" scrolling=\"no\" frameborder=\"0\" allowTransparency=\"true\" style=\"border:none; overflow:hidden; width:450px; height: 30px; align: left; margin: 2px 0px 2px 0px\"><\/iframe>\n<!-- Facebook Like Button END -->\n<p><strong>A Multi Job Iskolasz\u00f6vetkezet p\u00e1ly\u00e1zatot hirdet vide\u00f3s tartalmak elk\u00e9sz\u00edt\u00e9s\u00e9re.<\/strong><br \/>\nA p\u00e1lyam\u0171 egy 30 &#8211; 50 mp-es vide\u00f3, amelyet a bek\u00fcld\u0151 saj\u00e1t maga k\u00e9sz\u00edt &#8222;mit jelent di\u00e1knak lenni&#8221; jelig\u00e9re.<\/p>\n<p>Az alkot\u00e1sok st\u00edlusa szabadon v\u00e1laszthat\u00f3.<br \/>\nNe f\u00e9lj a fant\u00e1zi\u00e1dat szabadj\u00e1ra engedni! Visszafogotts\u00e1g, extr\u00e9mit\u00e1s&#8230; b\u00e1rmivel p\u00e1ly\u00e1zhatsz!<\/p>\n<p><strong>P\u00e1ly\u00e1zati felt\u00e9telek:<\/strong><\/p>\n<p><strong>Jogi \u00e9s szem\u00e9lyi felt\u00e9telek:<\/strong><\/p>\n<p>\u2022 A p\u00e1ly\u00e1zat ny\u00edlt, term\u00e9szetes \u00e9s jogi szem\u00e9lyek foglalkoz\u00e1st\u00f3l, kort\u00f3l, nemt\u0151l, \u00e1llampolg\u00e1rs\u00e1gt\u00f3l \u00e9s lak\u00f3helyt\u0151l f\u00fcggetlen\u00fcl, egy\u00e9nileg \u00e9s\/vagy csapatban p\u00e1ly\u00e1zhatnak.<br \/>\n\u2022 18 \u00e9v alatti term\u00e9szetes szem\u00e9ly csak t\u00f6rv\u00e9nyes k\u00e9pvisel\u0151je hozz\u00e1j\u00e1rul\u00e1s\u00e1val p\u00e1ly\u00e1zhat.<br \/>\n\u2022 Csoportos p\u00e1ly\u00e1zat beny\u00fajt\u00e1sa eset\u00e9n a csoport k\u00f6teles kijel\u00f6lni \u00e9s felhatalmazni egy k\u00e9pvisel\u0151t, akivel a p\u00e1ly\u00e1zat sor\u00e1n kiz\u00e1r\u00f3lagos kapcsolatot tart a p\u00e1ly\u00e1zat ki\u00edr\u00f3ja.<br \/>\n\u2022 A csoportosan p\u00e1ly\u00e1z\u00f3 legfeljebb egy csoportban k\u00f6zrem\u0171k\u00f6dhet.<br \/>\n\u2022 Aki csoportban szerepel, m\u00e1sik p\u00e1lyam\u0171vel egy\u00e9nileg is p\u00e1ly\u00e1zhat.<br \/>\n\u2022 Egy p\u00e1ly\u00e1z\u00f3 t\u00f6bb p\u00e1lyamunk\u00e1val is nevezhet.<br \/>\n\u2022 Profik \u00e9s amat\u0151r\u00f6k egyar\u00e1nt p\u00e1ly\u00e1zhatnak.<br \/>\n\u2022 A ki\u00edr\u00f3 Multi Job Isz. tagjai, tiszts\u00e9gvisel\u0151i, illetve a felsoroltak k\u00f6zeli hozz\u00e1tartoz\u00f3i nem p\u00e1ly\u00e1zhatnak.<\/p>\n<p><strong>A p\u00e1lyamunk\u00e1k bead\u00e1s\u00e1nak felt\u00e9telei<\/strong><br \/>\nAz \u00e9rv\u00e9nyes p\u00e1ly\u00e1zat felt\u00e9tele a p\u00e1lyam\u0171 bek\u00fcld\u00e9se az info@diakszemmel.hu c\u00edmre.<br \/>\nA p\u00e1ly\u00e1z\u00f3 kiz\u00e1r\u00f3lag saj\u00e1t, eredeti szerz\u0151i alkot\u00e1s\u00e1val p\u00e1ly\u00e1zhat. E felt\u00e9tel megs\u00e9rt\u00e9se eset\u00e9n a p\u00e1ly\u00e1zat \u00e9rv\u00e9nytelenn\u00e9 v\u00e1lik, \u00e9s a p\u00e1ly\u00e1z\u00f3t azonnali hat\u00e1llyal kiz\u00e1rjuk a versenyb\u0151l. Ha ez a d\u00edj\u00e1tad\u00e1st k\u00f6vet\u0151en v\u00e1lik ismertt\u00e9, akkor a helyez\u00e9st \u00e9rv\u00e9nytelen\u00edtj\u00fck, \u00e9s a p\u00e1ly\u00e1z\u00f3 k\u00f6teles a d\u00edjat visszaszolg\u00e1ltatni.<br \/>\nA p\u00e1ly\u00e1z\u00f3 a p\u00e1lyam\u0171 elk\u00fcld\u00e9s\u00e9vel kijelenti, hogy a p\u00e1lyamunka saj\u00e1t szerz\u0151i m\u0171ve, tov\u00e1bb\u00e1 felel\u0151ss\u00e9get v\u00e1llal az\u00e9rt, hogy az \u00e1ltala beny\u00fajtott p\u00e1lyamunka nem s\u00e9rti m\u00e1s szerz\u0151i jog\u00e1t.<\/p>\n<p>Amennyiben a p\u00e1lyam\u0171 val\u00f3s szem\u00e9lyt is tartalmaz, akkor sz\u00fcks\u00e9ges az \u00e9rintett szem\u00e9ly\/szem\u00e9lyek beleegyez\u0151 nyilatkozata is.<\/p>\n<p><strong>A p\u00e1lyamunk\u00e1k beny\u00fajt\u00e1s\u00e1nak m\u00f3dja<\/strong><br \/>\nAz \u00e9rv\u00e9nyes p\u00e1ly\u00e1zat felt\u00e9tele a vide\u00f3 elk\u00fcld\u00e9se az info@diakszemmel.hu c\u00edmre.<\/p>\n<p>Bek\u00fcld\u00e9si hat\u00e1rid\u0151: 2017. november 30. A hat\u00e1rid\u0151 ut\u00e1n be\u00e9rkezett p\u00e1lyamunk\u00e1kat nem \u00e1ll m\u00f3dunkban elfogadni.<br \/>\nP\u00e1lyam\u0171vek be\u00e9rkez\u00e9s\u00e9r\u0151l minden p\u00e1ly\u00e1z\u00f3t e-mailben \u00e9rtes\u00edt\u00fcnk!<br \/>\nK\u00e9rd\u00e9s eset\u00e9n szint\u00e9n az info@diakszemmel.hu c\u00edmen lehet \u00e9rdekl\u0151dni.<br \/>\nA 18 \u00e9v alatti egy\u00e9ni p\u00e1ly\u00e1z\u00f3knak, illetve csoportos p\u00e1ly\u00e1zat eset\u00e9n minden 18 \u00e9vn\u00e9l fiatalabb csapattagnak k\u00f6telez\u0151en beadand\u00f3, a t\u00f6rv\u00e9nyes k\u00e9pvisel\u0151 \u00e1ltal al\u00e1\u00edrt \u201eSz\u00fcl\u0151i hozz\u00e1j\u00e1rul\u00e1s\u201d nyilatkozatot scannelt form\u00e1ban,a p\u00e1lyam\u0171vel egy\u00fctt el kell k\u00fcldeni.<\/p>\n<p><strong>Zs\u0171riz\u00e9s, \u00e9rt\u00e9kel\u00e9s<\/strong><br \/>\nA hat\u00e1rid\u0151re be\u00e9rkez\u0151 p\u00e1lyam\u0171vek k\u00f6z\u00fcl szakmai zs\u0171ri v\u00e1lasztja ki a legjobbnak v\u00e9lt munk\u00e1kat \u00e9s a facebook oldal\u00e1n k\u00f6zz\u00e9 teszi.<br \/>\nD\u00edjak<br \/>\nAz I. helyezett nyerem\u00e9nye egy 30.000.- Ft \u00e9rt\u00e9k\u0171 Westend utalv\u00e1ny<br \/>\nAz II. helyezett nyerem\u00e9nye egy 20.000.- Ft \u00e9rt\u00e9k\u0171 Westend utalv\u00e1ny<br \/>\nAz III. helyezett nyerem\u00e9nye egy 10.000.- Ft \u00e9rt\u00e9k\u0171 Westend utalv\u00e1ny<br \/>\nA d\u00edjak j\u00e1rul\u00e9k \u00e9s ad\u00f3mentesek.<\/p>\n<p><strong>D\u00edj\u00e1tad\u00e1s<\/strong><br \/>\nAz eredm\u00e9ny hirdet\u00e9st k\u00f6vet\u0151 2. munkanap.<\/p>\n<p><strong>Szerz\u0151i \u00e9s felhaszn\u00e1l\u00f3i jogok<\/strong><br \/>\nA p\u00e1ly\u00e1zat beny\u00fajt\u00f3i a p\u00e1lyamunk\u00e1hoz f\u0171z\u0151d\u0151 szerz\u0151i jogaik alapj\u00e1n az al\u00e1bbi keretek k\u00f6z\u00f6tt adnak a ki\u00edr\u00f3 r\u00e9sz\u00e9re felhaszn\u00e1l\u00e1si enged\u00e9lyt:<br \/>\n\u2022 A p\u00e1ly\u00e1zat ki\u00edr\u00f3ja a p\u00e1ly\u00e1zat jogosult a p\u00e1lyam\u0171vek \u00e9s az azokr\u00f3l k\u00e9sz\u00fclt felv\u00e9telek korl\u00e1tlan felhaszn\u00e1l\u00e1s\u00e1ra.<br \/>\n\u2022 A ki\u00edr\u00f3, \u00fagy is, mint a verseny rendez\u0151je jogosult a m\u0171vek nyilv\u00e1noss\u00e1gra hozatal\u00e1ra a versenyen, a versenyhez szorosan kapcsol\u00f3d\u00f3 internetes fel\u00fcleteken, rekl\u00e1mokban, tov\u00e1bb\u00e1 a d\u00f6nt\u0151t k\u00f6vet\u0151en azok referenciak\u00e9nt \u00e9s marketing c\u00e9lb\u00f3l stb. t\u00f6rt\u00e9n\u0151 felhaszn\u00e1l\u00e1s\u00e1ra.<br \/>\n\u2022 A p\u00e1ly\u00e1zat beny\u00fajt\u00f3ja hozz\u00e1j\u00e1rul ahhoz, hogy a p\u00e1ly\u00e1zat ki\u00edr\u00f3ja a p\u00e1lyam\u0171vet elektronikus form\u00e1ban megjelentesse, k\u00f6zz\u00e9 tegye, \u00e9s ennek \u00e9rdek\u00e9ben a p\u00e1ly\u00e1zat ki\u00edr\u00f3ja sz\u00e1m\u00e1ra nem kiz\u00e1r\u00f3lagos, de korl\u00e1tlan id\u0151re sz\u00f3l\u00f3 felhaszn\u00e1l\u00e1si jogot ad a p\u00e1ly\u00e1z\u00f3 nev\u00e9nek felt\u00fcntet\u00e9se mellett.<br \/>\n\u2022 A p\u00e1ly\u00e1z\u00f3k \u00e1ltal megadott szem\u00e9lyes adatokat, el\u00e9rhet\u0151s\u00e9geket a p\u00e1ly\u00e1zat ki\u00edr\u00f3ja adatb\u00e1zis\u00e1ban regisztr\u00e1lja, \u00e9s csak a p\u00e1ly\u00e1zathoz kapcsol\u00f3d\u00f3an haszn\u00e1lja, azokat harmadik szem\u00e9lynek csak a p\u00e1ly\u00e1z\u00f3 k\u00fcl\u00f6n beleegyez\u00e9s\u00e9vel adja ki.<br \/>\nA p\u00e1ly\u00e1zat ki\u00edr\u00f3ja a p\u00e1ly\u00e1zati ki\u00edr\u00e1sban le\u00edrtak v\u00e1ltoztat\u00e1s\u00e1nak jog\u00e1t fenntartja!<br \/>\nA p\u00e1ly\u00e1zat ki\u00edr\u00f3ja<br \/>\nMulti Job Iskolasz\u00f6vetkezet (www.multijobisz.hu)<\/p>\n\n<!-- Facebook Like Button v1.9.6 BEGIN [http:\/\/blog.bottomlessinc.com] -->\n<iframe src=\"http:\/\/www.facebook.com\/plugins\/like.php?href=https%3A%2F%2Fdiakszemmel.hu%2Findex.php%2Fvideos-palyazat-jogi-nyilatkozat%2F&amp;layout=standard&amp;show_faces=false&amp;width=450&amp;action=like&amp;colorscheme=light\" scrolling=\"no\" frameborder=\"0\" allowTransparency=\"true\" style=\"border:none; overflow:hidden; width:450px; height: 30px; align: left; margin: 2px 0px 2px 0px\"><\/iframe>\n<!-- Facebook Like Button END -->\n","protected":false},"excerpt":{"rendered":"<p>A Multi Job Iskolasz\u00f6vetkezet p\u00e1ly\u00e1zatot hirdet vide\u00f3s tartalmak elk\u00e9sz\u00edt\u00e9s\u00e9re. A p\u00e1lyam\u0171 egy 30 &#8211; 50 mp-es vide\u00f3, amelyet a bek\u00fcld\u0151 saj\u00e1t maga k\u00e9sz\u00edt &#8222;mit jelent di\u00e1knak lenni&#8221; jelig\u00e9re. Az alkot\u00e1sok st\u00edlusa szabadon v\u00e1laszthat\u00f3. Ne f\u00e9lj a fant\u00e1zi\u00e1dat szabadj\u00e1ra engedni! Visszafogotts\u00e1g, extr\u00e9mit\u00e1s&#8230; b\u00e1rmivel p\u00e1ly\u00e1zhatsz! P\u00e1ly\u00e1zati felt\u00e9telek: Jogi \u00e9s szem\u00e9lyi felt\u00e9telek: \u2022 A p\u00e1ly\u00e1zat ny\u00edlt, term\u00e9szetes \u00e9s [&hellip;]<\/p>\n","protected":false},"author":2,"featured_media":0,"parent":0,"menu_order":0,"comment_status":"closed","ping_status":"closed","template":"","meta":{"footnotes":""},"class_list":["post-1016","page","type-page","status-publish","hentry"],"jetpack_shortlink":"https:\/\/wp.me\/P7SAqx-go","jetpack_sharing_enabled":true,"_links":{"self":[{"href":"https:\/\/diakszemmel.hu\/index.php\/wp-json\/wp\/v2\/pages\/1016","targetHints":{"allow":["GET"]}}],"collection":[{"href":"https:\/\/diakszemmel.hu\/index.php\/wp-json\/wp\/v2\/pages"}],"about":[{"href":"https:\/\/diakszemmel.hu\/index.php\/wp-json\/wp\/v2\/types\/page"}],"author":[{"embeddable":true,"href":"https:\/\/diakszemmel.hu\/index.php\/wp-json\/wp\/v2\/users\/2"}],"replies":[{"embeddable":true,"href":"https:\/\/diakszemmel.hu\/index.php\/wp-json\/wp\/v2\/comments?post=1016"}],"version-history":[{"count":0,"href":"https:\/\/diakszemmel.hu\/index.php\/wp-json\/wp\/v2\/pages\/1016\/revisions"}],"wp:attachment":[{"href":"https:\/\/diakszemmel.hu\/index.php\/wp-json\/wp\/v2\/media?parent=1016"}],"curies":[{"name":"wp","href":"https:\/\/api.w.org\/{rel}","templated":true}]}}