{"id":24,"date":"2016-09-19T20:05:39","date_gmt":"2016-09-19T20:05:39","guid":{"rendered":"https:\/\/diakszemmel.hu\/?page_id=24"},"modified":"2016-09-30T13:39:19","modified_gmt":"2016-09-30T11:39:19","slug":"nagyvilag","status":"publish","type":"page","link":"https:\/\/diakszemmel.hu\/","title":{"rendered":"Nagyvil\u00e1g"},"content":{"rendered":"\n<!-- Facebook Like Button v1.9.6 BEGIN [http:\/\/blog.bottomlessinc.com] -->\n<iframe src=\"http:\/\/www.facebook.com\/plugins\/like.php?href=https%3A%2F%2Fdiakszemmel.hu%2F&amp;layout=standard&amp;show_faces=false&amp;width=450&amp;action=like&amp;colorscheme=light\" scrolling=\"no\" frameborder=\"0\" allowTransparency=\"true\" style=\"border:none; overflow:hidden; width:450px; height: 30px; align: left; margin: 2px 0px 2px 0px\"><\/iframe>\n<!-- Facebook Like Button END -->\n<p><span style=\"font-family: Courier New;\">\n<!-- NOTE: If you need to make changes to this file, copy it to your current theme's main\n\tdirectory so your changes won't be overwritten when the plugin is upgraded. -->\n\n<!-- Post Wrap Start-->\n<div class=\"post hentry ivycat-post\">\n\n\t<!-- \tThis outputs the post TITLE -->\n\t<h2 class=\"entry-title\"><a href=\"https:\/\/diakszemmel.hu\/index.php\/2024\/07\/parizs-2024-az-olimpia-visszater-a-varos-fenyebe\/\">P\u00e1rizs 2024: Az Olimpia visszat\u00e9r a v\u00e1ros f\u00e9ny\u00e9be<\/a><\/h2>\n\n\t<!-- \tThis outputs the post EXCERPT.  To display full content including images and html,\n\t\treplace the_excerpt(); with the_content();  below. -->\n\t<div class=\"entry-summary\">\n\t\t<p>A 2024-es ny\u00e1ri olimpiai j\u00e1t\u00e9kok visszat\u00e9rnek Eur\u00f3pa sz\u00edv\u00e9be, \u00e9s P\u00e1rizs ism\u00e9t a vil\u00e1g figyelm\u00e9nek k\u00f6z\u00e9ppontj\u00e1ba ker\u00fcl. A francia f\u0151v\u00e1ros, amely m\u00e1r k\u00e9tszer, 1900-ban \u00e9s 1924-ben is otthont adott a j\u00e1t\u00e9koknak, harmadik alkalommal fogadja a vil\u00e1g legjobb sportol\u00f3it. Az esem\u00e9nyre j\u00falius 26. \u00e9s augusztus 11. k\u00f6z\u00f6tt ker\u00fcl sor, \u00e9s P\u00e1rizs t\u00f6rt\u00e9nelmi helysz\u00ednei, modern l\u00e9tes\u00edtm\u00e9nyei \u00e9s kultur\u00e1lis [&hellip;]<\/p>\n\t<\/div>\n\n\t<!--\tThis outputs the post META information -->\n\t<div class=\"entry-utility\">\n\t\t\t\t\t<span class=\"cat-links\">\n\t\t\t\t<span class=\"entry-utility-prep entry-utility-prep-cat-links\">Posted in<\/span> <a href=\"https:\/\/diakszemmel.hu\/index.php\/category\/nagyvilag\/\" rel=\"category tag\">Nagyvil\u00e1g<\/a>\t\t\t<\/span>\n\t\t\t<span class=\"meta-sep\">|<\/span>\n\t\t\t\t\t\t\t<span class=\"tag-links\">\n\t\t\t\t<span class=\"entry-utility-prep entry-utility-prep-tag-links\">Tagged<\/span> <a href=\"https:\/\/diakszemmel.hu\/index.php\/tag\/olimpia\/\" rel=\"tag\">olimpia<\/a>\t\t\t<\/span>\n\t\t\t<span class=\"meta-sep\">|<\/span>\n\t\t\t\t<span class=\"comments-link\">\n\t\t\t<a href=\"https:\/\/diakszemmel.hu\/index.php\/2024\/07\/parizs-2024-az-olimpia-visszater-a-varos-fenyebe\/#respond\">Leave a comment<\/a>\t\t<\/span>\n\t\t\t<\/div>\n<\/div>\n<!-- \/\/ Post Wrap End -->\n\n<!-- NOTE: If you need to make changes to this file, copy it to your current theme's main\n\tdirectory so your changes won't be overwritten when the plugin is upgraded. -->\n\n<!-- Post Wrap Start-->\n<div class=\"post hentry ivycat-post\">\n\n\t<!-- \tThis outputs the post TITLE -->\n\t<h2 class=\"entry-title\"><a href=\"https:\/\/diakszemmel.hu\/index.php\/2023\/10\/koltseghatekony-utazas-egyetem-alatt\/\">K\u00f6lts\u00e9ghat\u00e9kony utaz\u00e1s egyetem alatt?<\/a><\/h2>\n\n\t<!-- \tThis outputs the post EXCERPT.  To display full content including images and html,\n\t\treplace the_excerpt(); with the_content();  below. -->\n\t<div class=\"entry-summary\">\n\t\t<p>Az utaz\u00e1s nem tartozik a legolcs\u00f3bb sz\u00f3rakoz\u00e1si lehet\u0151s\u00e9gek k\u00f6z\u00e9, de az\u00e9rt van n\u00e9h\u00e1ny m\u00f3dja, hogy m\u00e9gis szerezz szuper \u00e9lm\u00e9nyeket, alacsonyabb k\u00f6lts\u00e9g mellett is. Nem felt\u00e9tlen\u00fcl kell sok p\u00e9nzt k\u00f6ltened ahhoz, hogy izgalmas kikapcsol\u00f3d\u00e1si lehet\u0151s\u00e9geket tal\u00e1lj.<\/p>\n\t<\/div>\n\n\t<!--\tThis outputs the post META information -->\n\t<div class=\"entry-utility\">\n\t\t\t\t\t<span class=\"cat-links\">\n\t\t\t\t<span class=\"entry-utility-prep entry-utility-prep-cat-links\">Posted in<\/span> <a href=\"https:\/\/diakszemmel.hu\/index.php\/category\/nagyvilag\/\" rel=\"category tag\">Nagyvil\u00e1g<\/a>\t\t\t<\/span>\n\t\t\t<span class=\"meta-sep\">|<\/span>\n\t\t\t\t\t\t\t<span class=\"tag-links\">\n\t\t\t\t<span class=\"entry-utility-prep entry-utility-prep-tag-links\">Tagged<\/span> <a href=\"https:\/\/diakszemmel.hu\/index.php\/tag\/utazas\/\" rel=\"tag\">utaz\u00e1s<\/a>\t\t\t<\/span>\n\t\t\t<span class=\"meta-sep\">|<\/span>\n\t\t\t\t<span class=\"comments-link\">\n\t\t\t<a href=\"https:\/\/diakszemmel.hu\/index.php\/2023\/10\/koltseghatekony-utazas-egyetem-alatt\/#respond\">Leave a comment<\/a>\t\t<\/span>\n\t\t\t<\/div>\n<\/div>\n<!-- \/\/ Post Wrap End -->\n\n<!-- NOTE: If you need to make changes to this file, copy it to your current theme's main\n\tdirectory so your changes won't be overwritten when the plugin is upgraded. -->\n\n<!-- Post Wrap Start-->\n<div class=\"post hentry ivycat-post\">\n\n\t<!-- \tThis outputs the post TITLE -->\n\t<h2 class=\"entry-title\"><a href=\"https:\/\/diakszemmel.hu\/index.php\/2023\/10\/igy-tehetjuk-kornyezettudatosabba-a-suliba-jarast\/\">\u00cdgy tehetj\u00fck k\u00f6rnyezettudatosabb\u00e1 a suliba j\u00e1r\u00e1st<\/a><\/h2>\n\n\t<!-- \tThis outputs the post EXCERPT.  To display full content including images and html,\n\t\treplace the_excerpt(); with the_content();  below. -->\n\t<div class=\"entry-summary\">\n\t\t<p>Az iskolai h\u00e9tk\u00f6znapokon is alak\u00edthatjuk \u00fagy a szok\u00e1sainkat, hogy k\u00f6rnyezettudatos \u00e9letm\u00f3dot folytassunk, \u00e9s fenntarthat\u00f3 m\u00f3don seg\u00edts\u00fcnk a k\u00f6rnyezet meg\u00f3v\u00e1s\u00e1ban. Annak, hogy ezt megtanuljuk, k\u00fcl\u00f6n\u00f6sen fontos szerepe van a bolyg\u00f3nk j\u00f6v\u0151je szempontj\u00e1b\u00f3l. Ebben a cikkben n\u00e9gy hasznos tippet adunk arra, hogyan lehet jobban odafigyelni a k\u00f6rnyezettudatoss\u00e1gra az iskolai h\u00e9tk\u00f6znapok sor\u00e1n.<\/p>\n\t<\/div>\n\n\t<!--\tThis outputs the post META information -->\n\t<div class=\"entry-utility\">\n\t\t\t\t\t<span class=\"cat-links\">\n\t\t\t\t<span class=\"entry-utility-prep entry-utility-prep-cat-links\">Posted in<\/span> <a href=\"https:\/\/diakszemmel.hu\/index.php\/category\/nagyvilag\/\" rel=\"category tag\">Nagyvil\u00e1g<\/a>\t\t\t<\/span>\n\t\t\t<span class=\"meta-sep\">|<\/span>\n\t\t\t\t\t\t\t<span class=\"tag-links\">\n\t\t\t\t<span class=\"entry-utility-prep entry-utility-prep-tag-links\">Tagged<\/span> <a href=\"https:\/\/diakszemmel.hu\/index.php\/tag\/fenntarthato\/\" rel=\"tag\">fenntarthat\u00f3<\/a>, <a href=\"https:\/\/diakszemmel.hu\/index.php\/tag\/kornyezettudatos\/\" rel=\"tag\">k\u00f6rnyezettudatos<\/a>\t\t\t<\/span>\n\t\t\t<span class=\"meta-sep\">|<\/span>\n\t\t\t\t<span class=\"comments-link\">\n\t\t\t<a href=\"https:\/\/diakszemmel.hu\/index.php\/2023\/10\/igy-tehetjuk-kornyezettudatosabba-a-suliba-jarast\/#respond\">Leave a comment<\/a>\t\t<\/span>\n\t\t\t<\/div>\n<\/div>\n<!-- \/\/ Post Wrap End -->\n\n<!-- NOTE: If you need to make changes to this file, copy it to your current theme's main\n\tdirectory so your changes won't be overwritten when the plugin is upgraded. -->\n\n<!-- Post Wrap Start-->\n<div class=\"post hentry ivycat-post\">\n\n\t<!-- \tThis outputs the post TITLE -->\n\t<h2 class=\"entry-title\"><a href=\"https:\/\/diakszemmel.hu\/index.php\/2022\/07\/hozd-ki-a-legtobbet-a-nyari-szunetbol\/\">Hozd ki a legt\u00f6bbet a ny\u00e1ri sz\u00fcnetb\u0151l!<\/a><\/h2>\n\n\t<!-- \tThis outputs the post EXCERPT.  To display full content including images and html,\n\t\treplace the_excerpt(); with the_content();  below. -->\n\t<div class=\"entry-summary\">\n\t\t<p>Eljutott\u00e1l arra a pontra, hogy kicsit kipihented a sulit, \u00e9s \u00e9rzed magadban az agilit\u00e1st, hogy csin\u00e1lj valamit? Adunk 5 tippet, mibe fogj bele!<\/p>\n\t<\/div>\n\n\t<!--\tThis outputs the post META information -->\n\t<div class=\"entry-utility\">\n\t\t\t\t\t<span class=\"cat-links\">\n\t\t\t\t<span class=\"entry-utility-prep entry-utility-prep-cat-links\">Posted in<\/span> <a href=\"https:\/\/diakszemmel.hu\/index.php\/category\/nagyvilag\/\" rel=\"category tag\">Nagyvil\u00e1g<\/a>\t\t\t<\/span>\n\t\t\t<span class=\"meta-sep\">|<\/span>\n\t\t\t\t\t\t\t<span class=\"tag-links\">\n\t\t\t\t<span class=\"entry-utility-prep entry-utility-prep-tag-links\">Tagged<\/span> <a href=\"https:\/\/diakszemmel.hu\/index.php\/tag\/diakmunka\/\" rel=\"tag\">di\u00e1kmunka<\/a>, <a href=\"https:\/\/diakszemmel.hu\/index.php\/tag\/nyari-szunet\/\" rel=\"tag\">ny\u00e1ri sz\u00fcnet<\/a>\t\t\t<\/span>\n\t\t\t<span class=\"meta-sep\">|<\/span>\n\t\t\t\t<span class=\"comments-link\">\n\t\t\t<a href=\"https:\/\/diakszemmel.hu\/index.php\/2022\/07\/hozd-ki-a-legtobbet-a-nyari-szunetbol\/#respond\">Leave a comment<\/a>\t\t<\/span>\n\t\t\t<\/div>\n<\/div>\n<!-- \/\/ Post Wrap End -->\n\n<!-- NOTE: If you need to make changes to this file, copy it to your current theme's main\n\tdirectory so your changes won't be overwritten when the plugin is upgraded. -->\n\n<!-- Post Wrap Start-->\n<div class=\"post hentry ivycat-post\">\n\n\t<!-- \tThis outputs the post TITLE -->\n\t<h2 class=\"entry-title\"><a href=\"https:\/\/diakszemmel.hu\/index.php\/2021\/12\/mi-kell-jobban-a-teli-hangulathoz-mint-egy-roka-aki-elvezi-a-havat\/\">Mi kell jobban a t\u00e9li hangulathoz, mint egy r\u00f3ka, aki \u00e9lvezi a havat?<\/a><\/h2>\n\n\t<!-- \tThis outputs the post EXCERPT.  To display full content including images and html,\n\t\treplace the_excerpt(); with the_content();  below. -->\n\t<div class=\"entry-summary\">\n\t\t<p>Roeselien Raimond a h\u00f3ban b\u00f3kl\u00e1szott, amikor megl\u00e1tott egy r\u00f3k\u00e1t, \u00e9s csod\u00e1s fot\u00f3sorozatot k\u00e9sz\u00edtett r\u00f3la. Hatalmas h\u00f3es\u00e9s volt a k\u00f6rny\u00e9k\u00fck\u00f6n, mindenkit arra b\u00edztattak, hogy maradjon otthon, de \u0151 nekiv\u00e1gott a term\u00e9szetnek. El\u0151sz\u00f6r elbizonytalanodott, hogy j\u00f3l tette-e, amikor a szakad\u00f3 h\u00f3es\u00e9sben alig l\u00e1tott valamit, de v\u00e9g\u00fcl meg\u00e9rte a kir\u00e1ndul\u00e1s. N\u00e9zz\u00e9tek meg a k\u00e9peit!<\/p>\n\t<\/div>\n\n\t<!--\tThis outputs the post META information -->\n\t<div class=\"entry-utility\">\n\t\t\t\t\t<span class=\"cat-links\">\n\t\t\t\t<span class=\"entry-utility-prep entry-utility-prep-cat-links\">Posted in<\/span> <a href=\"https:\/\/diakszemmel.hu\/index.php\/category\/nagyvilag\/\" rel=\"category tag\">Nagyvil\u00e1g<\/a>\t\t\t<\/span>\n\t\t\t<span class=\"meta-sep\">|<\/span>\n\t\t\t\t\t\t\t<span class=\"tag-links\">\n\t\t\t\t<span class=\"entry-utility-prep entry-utility-prep-tag-links\">Tagged<\/span> <a href=\"https:\/\/diakszemmel.hu\/index.php\/tag\/foto\/\" rel=\"tag\">fot\u00f3<\/a>\t\t\t<\/span>\n\t\t\t<span class=\"meta-sep\">|<\/span>\n\t\t\t\t<span class=\"comments-link\">\n\t\t\t<a href=\"https:\/\/diakszemmel.hu\/index.php\/2021\/12\/mi-kell-jobban-a-teli-hangulathoz-mint-egy-roka-aki-elvezi-a-havat\/#respond\">Leave a comment<\/a>\t\t<\/span>\n\t\t\t<\/div>\n<\/div>\n<!-- \/\/ Post Wrap End -->\n\n<!-- NOTE: If you need to make changes to this file, copy it to your current theme's main\n\tdirectory so your changes won't be overwritten when the plugin is upgraded. -->\n\n<!-- Post Wrap Start-->\n<div class=\"post hentry ivycat-post\">\n\n\t<!-- \tThis outputs the post TITLE -->\n\t<h2 class=\"entry-title\"><a href=\"https:\/\/diakszemmel.hu\/index.php\/2021\/12\/mik-voltak-2021-legjobb-globalis-hirei\/\">Mik voltak 2021 legjobb glob\u00e1lis h\u00edrei?<\/a><\/h2>\n\n\t<!-- \tThis outputs the post EXCERPT.  To display full content including images and html,\n\t\treplace the_excerpt(); with the_content();  below. -->\n\t<div class=\"entry-summary\">\n\t\t<p>A m\u00e9dia tele a katasztr\u00f3f\u00e1kr\u00f3l sz\u00f3l\u00f3 h\u00edrekkel, nem tudod egyetlen h\u00edrport\u00e1l f\u0151oldal\u00e1t sem an\u00e9lk\u00fcl v\u00e9gigb\u00f6ng\u00e9szni, hogy el ne szomor\u00edtsanak. Ezt el\u00e9gelte meg egy grafikus, aki illusztr\u00e1lta az \u00e9v legjobb h\u00edreit: egy kicsit f\u00f3kusz\u00e1ljunk m\u00e1r a j\u00f3 dolgokra!<\/p>\n\t<\/div>\n\n\t<!--\tThis outputs the post META information -->\n\t<div class=\"entry-utility\">\n\t\t\t\t\t<span class=\"cat-links\">\n\t\t\t\t<span class=\"entry-utility-prep entry-utility-prep-cat-links\">Posted in<\/span> <a href=\"https:\/\/diakszemmel.hu\/index.php\/category\/nagyvilag\/\" rel=\"category tag\">Nagyvil\u00e1g<\/a>\t\t\t<\/span>\n\t\t\t<span class=\"meta-sep\">|<\/span>\n\t\t\t\t\t\t<span class=\"comments-link\">\n\t\t\t<a href=\"https:\/\/diakszemmel.hu\/index.php\/2021\/12\/mik-voltak-2021-legjobb-globalis-hirei\/#respond\">Leave a comment<\/a>\t\t<\/span>\n\t\t\t<\/div>\n<\/div>\n<!-- \/\/ Post Wrap End -->\n\n<!-- NOTE: If you need to make changes to this file, copy it to your current theme's main\n\tdirectory so your changes won't be overwritten when the plugin is upgraded. -->\n\n<!-- Post Wrap Start-->\n<div class=\"post hentry ivycat-post\">\n\n\t<!-- \tThis outputs the post TITLE -->\n\t<h2 class=\"entry-title\"><a href=\"https:\/\/diakszemmel.hu\/index.php\/2021\/10\/az-usa-ban-betiltottak-a-hatizsakokat-a-suliban\/\">Az USA-ban betiltott\u00e1k a h\u00e1tizs\u00e1kokat a suliban<\/a><\/h2>\n\n\t<!-- \tThis outputs the post EXCERPT.  To display full content including images and html,\n\t\treplace the_excerpt(); with the_content();  below. -->\n\t<div class=\"entry-summary\">\n\t\t<p>Az USA n\u00e9h\u00e1ny \u00e1llam\u00e1ban betiltott\u00e1k a h\u00e1tizs\u00e1kokat a suliban. \u00c9s b\u00e1r az ok, ami m\u00f6g\u00f6tte \u00e1ll, egy\u00e1ltal\u00e1n nem vicces, de a di\u00e1kok reakci\u00f3i n\u00e9hol nagyon sz\u00f3rakoztat\u00f3ak.<\/p>\n\t<\/div>\n\n\t<!--\tThis outputs the post META information -->\n\t<div class=\"entry-utility\">\n\t\t\t\t\t<span class=\"cat-links\">\n\t\t\t\t<span class=\"entry-utility-prep entry-utility-prep-cat-links\">Posted in<\/span> <a href=\"https:\/\/diakszemmel.hu\/index.php\/category\/nagyvilag\/\" rel=\"category tag\">Nagyvil\u00e1g<\/a>\t\t\t<\/span>\n\t\t\t<span class=\"meta-sep\">|<\/span>\n\t\t\t\t\t\t<span class=\"comments-link\">\n\t\t\t<a href=\"https:\/\/diakszemmel.hu\/index.php\/2021\/10\/az-usa-ban-betiltottak-a-hatizsakokat-a-suliban\/#respond\">Leave a comment<\/a>\t\t<\/span>\n\t\t\t<\/div>\n<\/div>\n<!-- \/\/ Post Wrap End -->\n\n<!-- NOTE: If you need to make changes to this file, copy it to your current theme's main\n\tdirectory so your changes won't be overwritten when the plugin is upgraded. -->\n\n<!-- Post Wrap Start-->\n<div class=\"post hentry ivycat-post\">\n\n\t<!-- \tThis outputs the post TITLE -->\n\t<h2 class=\"entry-title\"><a href=\"https:\/\/diakszemmel.hu\/index.php\/2021\/09\/utazni-jo-vagy-nem-mindig\/\">Utazni j\u00f3! Vagy nem mindig?<\/a><\/h2>\n\n\t<!-- \tThis outputs the post EXCERPT.  To display full content including images and html,\n\t\treplace the_excerpt(); with the_content();  below. -->\n\t<div class=\"entry-summary\">\n\t\t<p>Turist\u00e1k osztott\u00e1k meg a legnagyobb csal\u00f3d\u00e1saikat, helyekr\u0151l, amiket nagyon v\u00e1rtak, \u00e9s v\u00e9g\u00fcl valamilyen okb\u00f3l nem azt kapt\u00e1k, amit rem\u00e9ltek. Te j\u00e1rt\u00e1l m\u00e1r hasonl\u00f3an utaz\u00e1s sor\u00e1n?<\/p>\n\t<\/div>\n\n\t<!--\tThis outputs the post META information -->\n\t<div class=\"entry-utility\">\n\t\t\t\t\t<span class=\"cat-links\">\n\t\t\t\t<span class=\"entry-utility-prep entry-utility-prep-cat-links\">Posted in<\/span> <a href=\"https:\/\/diakszemmel.hu\/index.php\/category\/nagyvilag\/\" rel=\"category tag\">Nagyvil\u00e1g<\/a>\t\t\t<\/span>\n\t\t\t<span class=\"meta-sep\">|<\/span>\n\t\t\t\t\t\t\t<span class=\"tag-links\">\n\t\t\t\t<span class=\"entry-utility-prep entry-utility-prep-tag-links\">Tagged<\/span> <a href=\"https:\/\/diakszemmel.hu\/index.php\/tag\/utazas\/\" rel=\"tag\">utaz\u00e1s<\/a>\t\t\t<\/span>\n\t\t\t<span class=\"meta-sep\">|<\/span>\n\t\t\t\t<span class=\"comments-link\">\n\t\t\t<a href=\"https:\/\/diakszemmel.hu\/index.php\/2021\/09\/utazni-jo-vagy-nem-mindig\/#respond\">Leave a comment<\/a>\t\t<\/span>\n\t\t\t<\/div>\n<\/div>\n<!-- \/\/ Post Wrap End -->\n\n<!-- NOTE: If you need to make changes to this file, copy it to your current theme's main\n\tdirectory so your changes won't be overwritten when the plugin is upgraded. -->\n\n<!-- Post Wrap Start-->\n<div class=\"post hentry ivycat-post\">\n\n\t<!-- \tThis outputs the post TITLE -->\n\t<h2 class=\"entry-title\"><a href=\"https:\/\/diakszemmel.hu\/index.php\/2021\/05\/ezeknek-a-diakoknak-egy-napig-a-klasszikus-lovagiassagi-szabalyok-szerint-kellett-viselkedniuk\/\">Ezeknek a di\u00e1koknak egy napig a klasszikus lovagiass\u00e1gi szab\u00e1lyok szerint kellett viselkedni\u00fck<\/a><\/h2>\n\n\t<!-- \tThis outputs the post EXCERPT.  To display full content including images and html,\n\t\treplace the_excerpt(); with the_content();  below. -->\n\t<div class=\"entry-summary\">\n\t\t<p>K\u00f6nyvekb\u0151l tanulni persze nagyon hasznos, de milyen nagy a k\u00fcl\u00f6nbs\u00e9g, ha a gyakorlatban pr\u00f3b\u00e1lod ki, amir\u0151l sz\u00f3 van! Egy texasi iskol\u00e1ban a nemi szerepek v\u00e1ltoz\u00e1s\u00e1ra a t\u00e1rsadalomban egy tan\u00e1r \u00fagy h\u00edvta fel a figyelmet, hogy egy oszt\u00e1lynak azt adta ki feladatban: egy napig viselkedjenek a klasszikus lovagiass\u00e1gi szab\u00e1lyok szerint.<\/p>\n\t<\/div>\n\n\t<!--\tThis outputs the post META information -->\n\t<div class=\"entry-utility\">\n\t\t\t\t\t<span class=\"cat-links\">\n\t\t\t\t<span class=\"entry-utility-prep entry-utility-prep-cat-links\">Posted in<\/span> <a href=\"https:\/\/diakszemmel.hu\/index.php\/category\/nagyvilag\/\" rel=\"category tag\">Nagyvil\u00e1g<\/a>\t\t\t<\/span>\n\t\t\t<span class=\"meta-sep\">|<\/span>\n\t\t\t\t\t\t\t<span class=\"tag-links\">\n\t\t\t\t<span class=\"entry-utility-prep entry-utility-prep-tag-links\">Tagged<\/span> <a href=\"https:\/\/diakszemmel.hu\/index.php\/tag\/feminizmus\/\" rel=\"tag\">feminizmus<\/a>, <a href=\"https:\/\/diakszemmel.hu\/index.php\/tag\/nemi-szerepek\/\" rel=\"tag\">nemi szerepek<\/a>\t\t\t<\/span>\n\t\t\t<span class=\"meta-sep\">|<\/span>\n\t\t\t\t<span class=\"comments-link\">\n\t\t\t<a href=\"https:\/\/diakszemmel.hu\/index.php\/2021\/05\/ezeknek-a-diakoknak-egy-napig-a-klasszikus-lovagiassagi-szabalyok-szerint-kellett-viselkedniuk\/#respond\">Leave a comment<\/a>\t\t<\/span>\n\t\t\t<\/div>\n<\/div>\n<!-- \/\/ Post Wrap End -->\n\n<!-- NOTE: If you need to make changes to this file, copy it to your current theme's main\n\tdirectory so your changes won't be overwritten when the plugin is upgraded. -->\n\n<!-- Post Wrap Start-->\n<div class=\"post hentry ivycat-post\">\n\n\t<!-- \tThis outputs the post TITLE -->\n\t<h2 class=\"entry-title\"><a href=\"https:\/\/diakszemmel.hu\/index.php\/2021\/05\/epuletromok-ahogy-fenykorukban-neztek-ki\/\">\u00c9p\u00fcletromok, ahogy f\u00e9nykorukban n\u00e9ztek ki<\/a><\/h2>\n\n\t<!-- \tThis outputs the post EXCERPT.  To display full content including images and html,\n\t\treplace the_excerpt(); with the_content();  below. -->\n\t<div class=\"entry-summary\">\n\t\t<p>Amikor utazunk, \u00e9s r\u00e9gi \u00e9p\u00fcletek romjait l\u00e1tjuk, amelyek t\u00f6bb sz\u00e1z, vagy ak\u00e1r ezer \u00e9vesek, csak nagyj\u00e1b\u00f3l tudjuk elk\u00e9pzelni, milyen lehettek val\u00f3j\u00e1ban. Jelenlegi romos \u00e1llapotukb\u00f3l k\u00f6vetkeztetve, \u00e9s tudva, hogy sokkal fejletlenebb volt a technol\u00f3gia \u00e9p\u00edt\u00e9s\u00fck idej\u00e9ben, tal\u00e1n nem is gondoln\u00e1nk, milyen pompa jellemezte \u0151ket.<\/p>\n\t<\/div>\n\n\t<!--\tThis outputs the post META information -->\n\t<div class=\"entry-utility\">\n\t\t\t\t\t<span class=\"cat-links\">\n\t\t\t\t<span class=\"entry-utility-prep entry-utility-prep-cat-links\">Posted in<\/span> <a href=\"https:\/\/diakszemmel.hu\/index.php\/category\/nagyvilag\/\" rel=\"category tag\">Nagyvil\u00e1g<\/a>\t\t\t<\/span>\n\t\t\t<span class=\"meta-sep\">|<\/span>\n\t\t\t\t\t\t\t<span class=\"tag-links\">\n\t\t\t\t<span class=\"entry-utility-prep entry-utility-prep-tag-links\">Tagged<\/span> <a href=\"https:\/\/diakszemmel.hu\/index.php\/tag\/tortenelem\/\" rel=\"tag\">t\u00f6rt\u00e9nelem<\/a>\t\t\t<\/span>\n\t\t\t<span class=\"meta-sep\">|<\/span>\n\t\t\t\t<span class=\"comments-link\">\n\t\t\t<a href=\"https:\/\/diakszemmel.hu\/index.php\/2021\/05\/epuletromok-ahogy-fenykorukban-neztek-ki\/#respond\">Leave a comment<\/a>\t\t<\/span>\n\t\t\t<\/div>\n<\/div>\n<!-- \/\/ Post Wrap End -->\n<\/span><\/p>\n\n<!-- Facebook Like Button v1.9.6 BEGIN [http:\/\/blog.bottomlessinc.com] -->\n<iframe src=\"http:\/\/www.facebook.com\/plugins\/like.php?href=https%3A%2F%2Fdiakszemmel.hu%2F&amp;layout=standard&amp;show_faces=false&amp;width=450&amp;action=like&amp;colorscheme=light\" scrolling=\"no\" frameborder=\"0\" allowTransparency=\"true\" style=\"border:none; overflow:hidden; width:450px; height: 30px; align: left; margin: 2px 0px 2px 0px\"><\/iframe>\n<!-- Facebook Like Button END -->\n","protected":false},"excerpt":{"rendered":"","protected":false},"author":9,"featured_media":0,"parent":0,"menu_order":0,"comment_status":"closed","ping_status":"closed","template":"","meta":{"footnotes":""},"class_list":["post-24","page","type-page","status-publish","hentry"],"jetpack_shortlink":"https:\/\/wp.me\/P7SAqx-o","jetpack_sharing_enabled":true,"_links":{"self":[{"href":"https:\/\/diakszemmel.hu\/index.php\/wp-json\/wp\/v2\/pages\/24","targetHints":{"allow":["GET"]}}],"collection":[{"href":"https:\/\/diakszemmel.hu\/index.php\/wp-json\/wp\/v2\/pages"}],"about":[{"href":"https:\/\/diakszemmel.hu\/index.php\/wp-json\/wp\/v2\/types\/page"}],"author":[{"embeddable":true,"href":"https:\/\/diakszemmel.hu\/index.php\/wp-json\/wp\/v2\/users\/9"}],"replies":[{"embeddable":true,"href":"https:\/\/diakszemmel.hu\/index.php\/wp-json\/wp\/v2\/comments?post=24"}],"version-history":[{"count":0,"href":"https:\/\/diakszemmel.hu\/index.php\/wp-json\/wp\/v2\/pages\/24\/revisions"}],"wp:attachment":[{"href":"https:\/\/diakszemmel.hu\/index.php\/wp-json\/wp\/v2\/media?parent=24"}],"curies":[{"name":"wp","href":"https:\/\/api.w.org\/{rel}","templated":true}]}}